{"id":6787,"date":"2019-12-08T09:17:45","date_gmt":"2019-12-08T14:17:45","guid":{"rendered":"https:\/\/www.forestiazen.xyz\/?page_id=6787\/"},"modified":"2025-01-09T14:23:09","modified_gmt":"2025-01-09T19:23:09","slug":"thank-you-report","status":"publish","type":"page","link":"https:\/\/forestiazen.net\/en\/thank-you-report\/","title":{"rendered":"Thank you &#8211; Rapport t\u00e9l\u00e9charg\u00e9"},"content":{"rendered":"<p>[vc_row][vc_column][vc_column_text]<\/p>\n<h1 style=\"text-align: center;\">Thank you<\/h1>\n<p>[\/vc_column_text][vc_column_text]<\/p>\n<p style=\"text-align: center;\">You will receive the report soon by email.<\/p>\n<p>[\/vc_column_text][\/vc_column][\/vc_row]<\/p>\n","protected":false},"excerpt":{"rendered":"<p> [&hellip;]<\/p>\n","protected":false},"author":1,"featured_media":0,"parent":0,"menu_order":0,"comment_status":"closed","ping_status":"closed","template":"","meta":{"yasr_overall_rating":0,"yasr_post_is_review":"","yasr_auto_insert_disabled":"","yasr_review_type":"","footnotes":""},"class_list":["post-6787","page","type-page","status-publish","hentry"],"yoast_head":"<!-- This site is optimized with the Yoast SEO plugin v27.5 - https:\/\/yoast.com\/product\/yoast-seo-wordpress\/ -->\n<title>Thank you - Rapport t\u00e9l\u00e9charg\u00e9 | ForestiaZen<\/title>\n<meta name=\"robots\" content=\"index, follow, max-snippet:-1, max-image-preview:large, max-video-preview:-1\" \/>\n<link rel=\"canonical\" href=\"https:\/\/forestiazen.net\/en\/thank-you-report\/\" \/>\n<meta property=\"og:locale\" content=\"en_US\" \/>\n<meta property=\"og:type\" content=\"article\" \/>\n<meta property=\"og:title\" content=\"Thank you - Rapport t\u00e9l\u00e9charg\u00e9 | ForestiaZen\" \/>\n<meta property=\"og:description\" content=\"[&hellip;]\" \/>\n<meta property=\"og:url\" content=\"https:\/\/forestiazen.net\/en\/thank-you-report\/\" \/>\n<meta property=\"og:site_name\" content=\"ForestiaZen\" \/>\n<meta property=\"article:modified_time\" content=\"2025-01-09T19:23:09+00:00\" \/>\n<meta name=\"twitter:card\" content=\"summary_large_image\" \/>\n<script type=\"application\/ld+json\" class=\"yoast-schema-graph\">{\"@context\":\"https:\\\/\\\/schema.org\",\"@graph\":[{\"@type\":\"WebPage\",\"@id\":\"https:\\\/\\\/forestiazen.net\\\/en\\\/thank-you-report\\\/\",\"url\":\"https:\\\/\\\/forestiazen.net\\\/en\\\/thank-you-report\\\/\",\"name\":\"Thank you - Rapport t\u00e9l\u00e9charg\u00e9 | ForestiaZen\",\"isPartOf\":{\"@id\":\"https:\\\/\\\/forestiazen.net\\\/#website\"},\"datePublished\":\"2019-12-08T14:17:45+00:00\",\"dateModified\":\"2025-01-09T19:23:09+00:00\",\"breadcrumb\":{\"@id\":\"https:\\\/\\\/forestiazen.net\\\/en\\\/thank-you-report\\\/#breadcrumb\"},\"inLanguage\":\"en-US\",\"potentialAction\":[{\"@type\":\"ReadAction\",\"target\":[\"https:\\\/\\\/forestiazen.net\\\/en\\\/thank-you-report\\\/\"]}]},{\"@type\":\"BreadcrumbList\",\"@id\":\"https:\\\/\\\/forestiazen.net\\\/en\\\/thank-you-report\\\/#breadcrumb\",\"itemListElement\":[{\"@type\":\"ListItem\",\"position\":1,\"name\":\"Home\",\"item\":\"https:\\\/\\\/forestiazen.net\\\/en\\\/\"},{\"@type\":\"ListItem\",\"position\":2,\"name\":\"Thank you &#8211; Rapport t\u00e9l\u00e9charg\u00e9\"}]},{\"@type\":\"WebSite\",\"@id\":\"https:\\\/\\\/forestiazen.net\\\/#website\",\"url\":\"https:\\\/\\\/forestiazen.net\\\/\",\"name\":\"ForestiaZen\",\"description\":\"Chaga est un aliment naturel antyoxidant. Prenez un th\u00e9 !\",\"publisher\":{\"@id\":\"https:\\\/\\\/forestiazen.net\\\/#organization\"},\"potentialAction\":[{\"@type\":\"SearchAction\",\"target\":{\"@type\":\"EntryPoint\",\"urlTemplate\":\"https:\\\/\\\/forestiazen.net\\\/?s={search_term_string}\"},\"query-input\":{\"@type\":\"PropertyValueSpecification\",\"valueRequired\":true,\"valueName\":\"search_term_string\"}}],\"inLanguage\":\"en-US\"},{\"@type\":\"Organization\",\"@id\":\"https:\\\/\\\/forestiazen.net\\\/#organization\",\"name\":\"Forestia zen\",\"url\":\"https:\\\/\\\/forestiazen.net\\\/\",\"logo\":{\"@type\":\"ImageObject\",\"inLanguage\":\"en-US\",\"@id\":\"https:\\\/\\\/forestiazen.net\\\/#\\\/schema\\\/logo\\\/image\\\/\",\"url\":\"https:\\\/\\\/forestiazen.net\\\/wp-content\\\/uploads\\\/2016\\\/08\\\/Forestia_Zen_logo_FINAL3.png\",\"contentUrl\":\"https:\\\/\\\/forestiazen.net\\\/wp-content\\\/uploads\\\/2016\\\/08\\\/Forestia_Zen_logo_FINAL3.png\",\"width\":150,\"height\":207,\"caption\":\"Forestia zen\"},\"image\":{\"@id\":\"https:\\\/\\\/forestiazen.net\\\/#\\\/schema\\\/logo\\\/image\\\/\"}},false]}<\/script>\n<!-- \/ Yoast SEO plugin. -->","yoast_head_json":{"title":"Thank you - Rapport t\u00e9l\u00e9charg\u00e9 | ForestiaZen","robots":{"index":"index","follow":"follow","max-snippet":"max-snippet:-1","max-image-preview":"max-image-preview:large","max-video-preview":"max-video-preview:-1"},"canonical":"https:\/\/forestiazen.net\/en\/thank-you-report\/","og_locale":"en_US","og_type":"article","og_title":"Thank you - Rapport t\u00e9l\u00e9charg\u00e9 | ForestiaZen","og_description":"[&hellip;]","og_url":"https:\/\/forestiazen.net\/en\/thank-you-report\/","og_site_name":"ForestiaZen","article_modified_time":"2025-01-09T19:23:09+00:00","twitter_card":"summary_large_image","schema":{"@context":"https:\/\/schema.org","@graph":[{"@type":"WebPage","@id":"https:\/\/forestiazen.net\/en\/thank-you-report\/","url":"https:\/\/forestiazen.net\/en\/thank-you-report\/","name":"Thank you - Rapport t\u00e9l\u00e9charg\u00e9 | ForestiaZen","isPartOf":{"@id":"https:\/\/forestiazen.net\/#website"},"datePublished":"2019-12-08T14:17:45+00:00","dateModified":"2025-01-09T19:23:09+00:00","breadcrumb":{"@id":"https:\/\/forestiazen.net\/en\/thank-you-report\/#breadcrumb"},"inLanguage":"en-US","potentialAction":[{"@type":"ReadAction","target":["https:\/\/forestiazen.net\/en\/thank-you-report\/"]}]},{"@type":"BreadcrumbList","@id":"https:\/\/forestiazen.net\/en\/thank-you-report\/#breadcrumb","itemListElement":[{"@type":"ListItem","position":1,"name":"Home","item":"https:\/\/forestiazen.net\/en\/"},{"@type":"ListItem","position":2,"name":"Thank you &#8211; Rapport t\u00e9l\u00e9charg\u00e9"}]},{"@type":"WebSite","@id":"https:\/\/forestiazen.net\/#website","url":"https:\/\/forestiazen.net\/","name":"ForestiaZen","description":"Chaga est un aliment naturel antyoxidant. Prenez un th\u00e9 !","publisher":{"@id":"https:\/\/forestiazen.net\/#organization"},"potentialAction":[{"@type":"SearchAction","target":{"@type":"EntryPoint","urlTemplate":"https:\/\/forestiazen.net\/?s={search_term_string}"},"query-input":{"@type":"PropertyValueSpecification","valueRequired":true,"valueName":"search_term_string"}}],"inLanguage":"en-US"},{"@type":"Organization","@id":"https:\/\/forestiazen.net\/#organization","name":"Forestia zen","url":"https:\/\/forestiazen.net\/","logo":{"@type":"ImageObject","inLanguage":"en-US","@id":"https:\/\/forestiazen.net\/#\/schema\/logo\/image\/","url":"https:\/\/forestiazen.net\/wp-content\/uploads\/2016\/08\/Forestia_Zen_logo_FINAL3.png","contentUrl":"https:\/\/forestiazen.net\/wp-content\/uploads\/2016\/08\/Forestia_Zen_logo_FINAL3.png","width":150,"height":207,"caption":"Forestia zen"},"image":{"@id":"https:\/\/forestiazen.net\/#\/schema\/logo\/image\/"}},false]}},"yasr_visitor_votes":{"stars_attributes":{"read_only":false,"span_bottom":false},"number_of_votes":0,"sum_votes":0},"_links":{"self":[{"href":"https:\/\/forestiazen.net\/en\/wp-json\/wp\/v2\/pages\/6787","targetHints":{"allow":["GET"]}}],"collection":[{"href":"https:\/\/forestiazen.net\/en\/wp-json\/wp\/v2\/pages"}],"about":[{"href":"https:\/\/forestiazen.net\/en\/wp-json\/wp\/v2\/types\/page"}],"author":[{"embeddable":true,"href":"https:\/\/forestiazen.net\/en\/wp-json\/wp\/v2\/users\/1"}],"replies":[{"embeddable":true,"href":"https:\/\/forestiazen.net\/en\/wp-json\/wp\/v2\/comments?post=6787"}],"version-history":[{"count":2,"href":"https:\/\/forestiazen.net\/en\/wp-json\/wp\/v2\/pages\/6787\/revisions"}],"predecessor-version":[{"id":6790,"href":"https:\/\/forestiazen.net\/en\/wp-json\/wp\/v2\/pages\/6787\/revisions\/6790"}],"wp:attachment":[{"href":"https:\/\/forestiazen.net\/en\/wp-json\/wp\/v2\/media?parent=6787"}],"curies":[{"name":"wp","href":"https:\/\/api.w.org\/{rel}","templated":true}]}}